{"id":2682,"date":"2025-11-06T14:28:30","date_gmt":"2025-11-06T14:28:30","guid":{"rendered":"https:\/\/myvinyl.ge\/?post_type=product&#038;p=2682"},"modified":"2026-02-06T12:10:07","modified_gmt":"2026-02-06T12:10:07","slug":"various-artists-best-of-latin-jazz-gatefold","status":"publish","type":"product","link":"https:\/\/myvinyl.ge\/en\/product\/various-artists-best-of-latin-jazz-gatefold\/","title":{"rendered":"Various Artists &#8211; Best of Latin Jazz (Gatefold)"},"content":{"rendered":"<h3>SIDE A:<\/h3>\n<ul>\n<li>A1\u00a0<strong>C\u00e1ndido Camero<\/strong>: AFRO BLUE<\/li>\n<li>A2\u00a0<strong>Cachao<\/strong>: DESCARGA CUBANA<\/li>\n<li>A3\u00a0<strong>S\u00e9rgio Mendes<\/strong>: LOVE FOR SALE<\/li>\n<li>A4\u00a0<strong>Bebo Vald\u00e9s<\/strong>: SPECIAL DEL BEBO<\/li>\n<li>A5\u00a0<strong>Gerald Wilson Orchestra<\/strong>\u00a0feat. Modesto Dur\u00e1n: VIVA TIRADO<\/li>\n<li>A6\u00a0<strong>Bobby Montez<\/strong>: TITORO<\/li>\n<li>A7\u00a0<strong>Herbie Hancock<\/strong>: WATERMELON MAN<\/li>\n<\/ul>\n<h3>SIDE B:<\/h3>\n<ul>\n<li>B1\u00a0<strong>Cal Tjader Septet<\/strong>\u00a0feat. Armando Peraza: SPEAK LOW 7<\/li>\n<li>B2\u00a0<strong>Ray Barretto<\/strong>: SUMMERTIME<\/li>\n<li>B3\u00a0<strong>Joe Cuba<\/strong>: TEMPTATION<\/li>\n<li>B4\u00a0<strong>Tito Puent<\/strong>e: OYE C\u00d3MO VA<\/li>\n<li>B5\u00a0<strong>Eddie Palmieri<\/strong>: CONMIGO<\/li>\n<li>B6\u00a0<strong>Efra\u00edn Mon Rivera<\/strong>: LLUVIA CON NIEVE<\/li>\n<li>B7\u00a0<strong>Mongo Santamar\u00eda<\/strong>: WATERMELON MAN<\/li>\n<li>B8\u00a0<strong>Quincy Jones:<\/strong>\u00a0SOUL BOSSA NOVA<\/li>\n<li>B9\u00a0<strong>Ben E. King<\/strong>: AMOR<\/li>\n<li>B10\u00a0<strong>P\u00e9rez Prado<\/strong>: QUIZ\u00c1S, QUIZ\u00c1S, QUIZ\u00c1S &#8220;<\/li>\n<\/ul>\n<p>Latin Jazz has been an important and evolving current in jazz since the mid-1940s, when Dizzy Gillespie invited the legendary Cuban conga drummer Chano Pozo to join his big band. However, Latin rhythms were present in jazz even earlier, as proven by such recordings as Louis Armstrong\u2019s 1930 \u201cThe Peanut Vendor\u201d (a reworking of Cuban pianist and conductor Mois\u00e9s Simons\u2019 \u201cEl Manicero\u201d). Even such an iconic jazz piece as W. C. Handy\u2019s 1914 \u201cSt. Louis Blues\u201d has a habanera-tresillo bass line.<\/p>\n<p>Latin Jazz would gain prominence in the 1950s and 1960s, with such celebrated figures as Ray Barretto, C\u00e1ndido Camero, Tito Puente, Bebo Vald\u00e9s, P\u00e9rez Prado, and Mongo Santamar\u00eda. Many American artists, such as Gerald Wilson, Quincy Jones, and the aforementioned Dizzy Gillespie, even composed their own Latin songs, as did pianist Herbie Hancock, whose \u201cWatermelon Man\u201d became a hit after being recorded by Mongo Santamar\u00eda. This LP compiles some of the genre\u2019s finest performances.<\/p>\n<p>Recorded between 1957 &amp; 1962.<\/p>","protected":false},"excerpt":{"rendered":"<p>Format: Vinyl (Record), LP, Album, Gatefold<\/p>\n<p>Vinyl color: Black<\/p>\n<p>Speed: 33 1\/3<\/p>\n<p>Made In: Europe<\/p>\n<p>Condition: New (Mint)<\/p>","protected":false},"featured_media":2684,"comment_status":"open","ping_status":"closed","template":"","meta":[],"product_brand":[],"product_cat":[17,70,53],"product_tag":[60,82,58,68,80,67],"class_list":{"0":"post-2682","1":"product","2":"type-product","3":"status-publish","4":"has-post-thumbnail","6":"product_cat-17","7":"product_cat-70","8":"product_cat-53","9":"product_tag-60","10":"product_tag-82","11":"product_tag-58","12":"product_tag-68","13":"product_tag-80","14":"product_tag-67","16":"first","17":"instock","18":"shipping-taxable","19":"purchasable","20":"product-type-simple"},"_links":{"self":[{"href":"https:\/\/myvinyl.ge\/en\/wp-json\/wp\/v2\/product\/2682","targetHints":{"allow":["GET"]}}],"collection":[{"href":"https:\/\/myvinyl.ge\/en\/wp-json\/wp\/v2\/product"}],"about":[{"href":"https:\/\/myvinyl.ge\/en\/wp-json\/wp\/v2\/types\/product"}],"replies":[{"embeddable":true,"href":"https:\/\/myvinyl.ge\/en\/wp-json\/wp\/v2\/comments?post=2682"}],"wp:featuredmedia":[{"embeddable":true,"href":"https:\/\/myvinyl.ge\/en\/wp-json\/wp\/v2\/media\/2684"}],"wp:attachment":[{"href":"https:\/\/myvinyl.ge\/en\/wp-json\/wp\/v2\/media?parent=2682"}],"wp:term":[{"taxonomy":"product_brand","embeddable":true,"href":"https:\/\/myvinyl.ge\/en\/wp-json\/wp\/v2\/product_brand?post=2682"},{"taxonomy":"product_cat","embeddable":true,"href":"https:\/\/myvinyl.ge\/en\/wp-json\/wp\/v2\/product_cat?post=2682"},{"taxonomy":"product_tag","embeddable":true,"href":"https:\/\/myvinyl.ge\/en\/wp-json\/wp\/v2\/product_tag?post=2682"}],"curies":[{"name":"wp","href":"https:\/\/api.w.org\/{rel}","templated":true}]}}